{"id":2,"date":"2024-10-07T11:06:34","date_gmt":"2024-10-07T11:06:34","guid":{"rendered":"https:\/\/mitz-ev.de\/wp\/?page_id=2"},"modified":"2026-02-05T16:54:30","modified_gmt":"2026-02-05T15:54:30","slug":"sample-page","status":"publish","type":"page","link":"https:\/\/mitz-ev.de\/?page_id=2","title":{"rendered":"der Verein"},"content":{"rendered":"    <!--[section]-->\n\t\t<style>\n.bd-section-1670306226{background-color:#ededed;padding-top:4em;padding-bottom:4em;}<\/style>\t\t<section id=section5 class=\" bd-section-1670306226  bd-tagstyles\" data-section-title=\"Two Columns Left Offset Over Image\">\n\t\t\t<div class=\"bd-container-inner bd-margins clearfix\">\n\t\t\t\t<!--{content}-->\n\t\t\t\t\t    <!--[columns]-->\n        <style>\n.bd-layoutcontainer-501379936 > .bd-container-inner > .container-fluid > .row{height:100%;margin:0px;}\n.bd-layoutcontainer-501379936 > .bd-container-inner > .container-fluid > .row > div{padding:0px;}\n.bd-layoutcontainer-501379936  > .bd-container-inner > .container-fluid:after{display:none;}<\/style><style>\n.bd-layoutcontainer-501379936 > .bd-container-inner > .container-fluid, .bd-layoutcontainer-501379936 > .bd-container-inner > .container-fluid > .row{height:100%;}<\/style><style>.bd-layoutcontainer-501379936 > .bd-container-inner > .container-fluid {padding-left: 0; padding-right: 0;}<\/style>        <style>\n.bd-layoutcolumn-1893373652{background-color:#ffffff;margin-bottom:2em;z-index:1;position:relative;margin-top:2em;margin-left:5%;min-height:250px;padding:5%;}\n@media (max-width: 767px) {.bd-layoutcolumn-1893373652{margin-left:5%;margin-right:5%;margin-bottom:-2em;}}\n\n.bd-layoutcolumn-2019346002{position:relative;}<\/style>        <div class=\" bd-layoutcontainer-501379936  bd-columns bd-no-margins\">\n            <div class=\"bd-container-inner\">\n                <div class=\"container-fluid\">\n                    <div class=\"row bd-row-flex bd-row-align-middle\">\n                        <!--{content}-->\n                                <!--[column]-->\n        <div class=\"col-lg-6 col-sm-6 bd-columnwrapper-1893373652\">\n            <div class=\"bd-column  bd-layoutcolumn-1893373652  bd-no-margins\">\n                <div class=\"bd-vertical-align-wrapper\">\n                    <!--{content}-->\n                            <!--[text]-->\n        <style>\n.additional-class-307177322{width:100%;height:100%;}\n.additional-class-307177322{\n\ttext-align:  justify;\n}\n<\/style>        <p class=\" additional-class-307177322  bd-content-element\">\n            <!--{content}-->\n                Ein Verein lebt durch die Idee und die mitgestaltenden Mitglieder.<br>Ja, zu aller erst stand da die Idee, den Menschen in der Region moderne Medien n\u00e4her zu bringen, Nachhaltigkeit zu leben, Digitalisierung verst\u00e4ndlich und bedacht einsetzbar zu machen.<br><br>Die digitale Welt bringt Vor- &amp; Nachteile, Nutzen aber auch Gefahren.<br>Den Nutzen optimal auszusch\u00f6pfen im Alltag und dabei die Risiken zu minimieren, das war und ist die Idee des Handelns dieses Vereines.<br><br>Doch nicht nur die digitale Welt birgt Risiken, auch der Umgang mit der ben\u00f6tigten Technik, die Bearbeitung von Prozessen, sollten mit Sorgfalt immer wieder auf den Pr\u00fcfstand gestellt werden. Arbeitsschutz und Arbeitssicherheit sind zwei weitere gro\u00dfe Themen, mit denen wir uns auseinandersetzen wollen.<br><br>            <!--{\/content}-->\n        <\/p>\n    <!--[\/text]-->\n                    <!--{\/content}-->\n                <\/div>\n            <\/div>\n        <\/div>\n    <!--[\/column]-->\n\n\t\n\t\t    <!--[column]-->\n        <div class=\"col-lg-6 col-sm-6 bd-columnwrapper-2019346002\">\n            <div class=\"bd-column  bd-layoutcolumn-2019346002 \">\n                <div class=\"bd-vertical-align-wrapper\">\n                    <!--{content}-->\n                        <!--[image]--><style>\n.additional-class-1191331499{width:115%;height:100%;}\n@media (max-width: 767px) {.additional-class-1191331499{width:100%;}}<\/style><img decoding=\"async\" src=\"https:\/\/mitz-ev.de\/wp-content\/uploads\/2026\/02\/8ed78af3b3a689382201e2fbeca43a65_Gemini_Generated_Image_jpsl72jpsl72jpsl.png\" class=\" additional-class-1191331499   bd-imagestyles bd-own-margins\"><!--{content}--><!--{\/content}--><!--[\/image]-->                    <!--{\/content}-->\n                <\/div>\n            <\/div>\n        <\/div>\n    <!--[\/column]-->\n                        <!--{\/content}-->\n                    <\/div>\n                <\/div>\n            <\/div>\n        <\/div>\n    <!--[\/columns]-->\n\t\t\t\t<!--{\/content}-->\n\t\t\t<\/div>\n\t\t<\/section>\n\t<!--[\/section]-->\n\n","protected":false},"excerpt":{"rendered":"","protected":false},"author":1,"featured_media":0,"parent":0,"menu_order":0,"comment_status":"closed","ping_status":"open","template":"","meta":{"footnotes":""},"class_list":["post-2","page","type-page","status-publish","hentry"],"yoast_head":"<!-- This site is optimized with the Yoast SEO plugin v27.3 - https:\/\/yoast.com\/product\/yoast-seo-wordpress\/ -->\n<title>der Verein - Medien-, IT- &amp; Technologiezentrum Sachsen und Anhalt e.V.<\/title>\n<meta name=\"robots\" content=\"index, follow, max-snippet:-1, max-image-preview:large, max-video-preview:-1\" \/>\n<link rel=\"canonical\" href=\"https:\/\/mitz-ev.de\/?page_id=2\" \/>\n<meta property=\"og:locale\" content=\"de_DE\" \/>\n<meta property=\"og:type\" content=\"article\" \/>\n<meta property=\"og:title\" content=\"der Verein - Medien-, IT- &amp; Technologiezentrum Sachsen und Anhalt e.V.\" \/>\n<meta property=\"og:url\" content=\"https:\/\/mitz-ev.de\/?page_id=2\" \/>\n<meta property=\"og:site_name\" content=\"Medien-, IT- &amp; Technologiezentrum Sachsen und Anhalt e.V.\" \/>\n<meta property=\"article:modified_time\" content=\"2026-02-05T15:54:30+00:00\" \/>\n<meta name=\"twitter:card\" content=\"summary_large_image\" \/>\n<meta name=\"twitter:label1\" content=\"Gesch\u00e4tzte Lesezeit\" \/>\n\t<meta name=\"twitter:data1\" content=\"1\u00a0Minute\" \/>\n<script type=\"application\/ld+json\" class=\"yoast-schema-graph\">{\"@context\":\"https:\\\/\\\/schema.org\",\"@graph\":[{\"@type\":\"WebPage\",\"@id\":\"https:\\\/\\\/mitz-ev.de\\\/?page_id=2\",\"url\":\"https:\\\/\\\/mitz-ev.de\\\/?page_id=2\",\"name\":\"der Verein - Medien-, IT- &amp; Technologiezentrum Sachsen und Anhalt e.V.\",\"isPartOf\":{\"@id\":\"https:\\\/\\\/mitz-ev.de\\\/#website\"},\"datePublished\":\"2024-10-07T11:06:34+00:00\",\"dateModified\":\"2026-02-05T15:54:30+00:00\",\"breadcrumb\":{\"@id\":\"https:\\\/\\\/mitz-ev.de\\\/?page_id=2#breadcrumb\"},\"inLanguage\":\"de\",\"potentialAction\":[{\"@type\":\"ReadAction\",\"target\":[\"https:\\\/\\\/mitz-ev.de\\\/?page_id=2\"]}]},{\"@type\":\"BreadcrumbList\",\"@id\":\"https:\\\/\\\/mitz-ev.de\\\/?page_id=2#breadcrumb\",\"itemListElement\":[{\"@type\":\"ListItem\",\"position\":1,\"name\":\"Startseite\",\"item\":\"https:\\\/\\\/mitz-ev.de\\\/\"},{\"@type\":\"ListItem\",\"position\":2,\"name\":\"der Verein\"}]},{\"@type\":\"WebSite\",\"@id\":\"https:\\\/\\\/mitz-ev.de\\\/#website\",\"url\":\"https:\\\/\\\/mitz-ev.de\\\/\",\"name\":\"Medien-, IT- &amp; Technologiezentrum Sachsen und Anhalt e.V.\",\"description\":\"Gemeinsam Mehrwert schaffen\",\"potentialAction\":[{\"@type\":\"SearchAction\",\"target\":{\"@type\":\"EntryPoint\",\"urlTemplate\":\"https:\\\/\\\/mitz-ev.de\\\/?s={search_term_string}\"},\"query-input\":{\"@type\":\"PropertyValueSpecification\",\"valueRequired\":true,\"valueName\":\"search_term_string\"}}],\"inLanguage\":\"de\"}]}<\/script>\n<!-- \/ Yoast SEO plugin. -->","yoast_head_json":{"title":"der Verein - Medien-, IT- &amp; Technologiezentrum Sachsen und Anhalt e.V.","robots":{"index":"index","follow":"follow","max-snippet":"max-snippet:-1","max-image-preview":"max-image-preview:large","max-video-preview":"max-video-preview:-1"},"canonical":"https:\/\/mitz-ev.de\/?page_id=2","og_locale":"de_DE","og_type":"article","og_title":"der Verein - Medien-, IT- &amp; Technologiezentrum Sachsen und Anhalt e.V.","og_url":"https:\/\/mitz-ev.de\/?page_id=2","og_site_name":"Medien-, IT- &amp; Technologiezentrum Sachsen und Anhalt e.V.","article_modified_time":"2026-02-05T15:54:30+00:00","twitter_card":"summary_large_image","twitter_misc":{"Gesch\u00e4tzte Lesezeit":"1\u00a0Minute"},"schema":{"@context":"https:\/\/schema.org","@graph":[{"@type":"WebPage","@id":"https:\/\/mitz-ev.de\/?page_id=2","url":"https:\/\/mitz-ev.de\/?page_id=2","name":"der Verein - Medien-, IT- &amp; Technologiezentrum Sachsen und Anhalt e.V.","isPartOf":{"@id":"https:\/\/mitz-ev.de\/#website"},"datePublished":"2024-10-07T11:06:34+00:00","dateModified":"2026-02-05T15:54:30+00:00","breadcrumb":{"@id":"https:\/\/mitz-ev.de\/?page_id=2#breadcrumb"},"inLanguage":"de","potentialAction":[{"@type":"ReadAction","target":["https:\/\/mitz-ev.de\/?page_id=2"]}]},{"@type":"BreadcrumbList","@id":"https:\/\/mitz-ev.de\/?page_id=2#breadcrumb","itemListElement":[{"@type":"ListItem","position":1,"name":"Startseite","item":"https:\/\/mitz-ev.de\/"},{"@type":"ListItem","position":2,"name":"der Verein"}]},{"@type":"WebSite","@id":"https:\/\/mitz-ev.de\/#website","url":"https:\/\/mitz-ev.de\/","name":"Medien-, IT- &amp; Technologiezentrum Sachsen und Anhalt e.V.","description":"Gemeinsam Mehrwert schaffen","potentialAction":[{"@type":"SearchAction","target":{"@type":"EntryPoint","urlTemplate":"https:\/\/mitz-ev.de\/?s={search_term_string}"},"query-input":{"@type":"PropertyValueSpecification","valueRequired":true,"valueName":"search_term_string"}}],"inLanguage":"de"}]}},"_links":{"self":[{"href":"https:\/\/mitz-ev.de\/index.php?rest_route=\/wp\/v2\/pages\/2","targetHints":{"allow":["GET"]}}],"collection":[{"href":"https:\/\/mitz-ev.de\/index.php?rest_route=\/wp\/v2\/pages"}],"about":[{"href":"https:\/\/mitz-ev.de\/index.php?rest_route=\/wp\/v2\/types\/page"}],"author":[{"embeddable":true,"href":"https:\/\/mitz-ev.de\/index.php?rest_route=\/wp\/v2\/users\/1"}],"replies":[{"embeddable":true,"href":"https:\/\/mitz-ev.de\/index.php?rest_route=%2Fwp%2Fv2%2Fcomments&post=2"}],"version-history":[{"count":5,"href":"https:\/\/mitz-ev.de\/index.php?rest_route=\/wp\/v2\/pages\/2\/revisions"}],"predecessor-version":[{"id":33,"href":"https:\/\/mitz-ev.de\/index.php?rest_route=\/wp\/v2\/pages\/2\/revisions\/33"}],"wp:attachment":[{"href":"https:\/\/mitz-ev.de\/index.php?rest_route=%2Fwp%2Fv2%2Fmedia&parent=2"}],"curies":[{"name":"wp","href":"https:\/\/api.w.org\/{rel}","templated":true}]}}